{"id":97,"date":"2024-07-22T18:31:22","date_gmt":"2024-07-22T18:31:22","guid":{"rendered":"https:\/\/roverandsoul.com\/?page_id=97"},"modified":"2024-08-08T19:38:01","modified_gmt":"2024-08-08T19:38:01","slug":"imprint","status":"publish","type":"page","link":"https:\/\/roverandsoul.com\/de\/imprint\/","title":{"rendered":"Impressum"},"content":{"rendered":"<div data-elementor-type=\"wp-page\" data-elementor-id=\"97\" class=\"elementor elementor-97\" data-elementor-post-type=\"page\">\n\t\t\t\t<div class=\"elementor-element elementor-element-97a09d5 e-flex e-con-boxed e-con e-parent\" data-id=\"97a09d5\" data-element_type=\"container\" data-e-type=\"container\">\n\t\t\t\t\t<div class=\"e-con-inner\">\n\t\t\t\t<div class=\"elementor-element elementor-element-77945af color-change elementor-widget elementor-widget-html\" data-id=\"77945af\" data-element_type=\"widget\" data-e-type=\"widget\" data-widget_type=\"html.default\">\n\t\t\t\t<div class=\"elementor-widget-container\">\n\t\t\t\t\t<h1>Impressum<\/h1>\n<h2 id=\"m46\">Diensteanbieter<\/h2>\n<p>Tim Hornung<\/p>\n<p>W\u00fcrzburger Stra\u00dfe 85<\/p>\n<p>97225 Zellingen<\/p>\n<p>Deutschland<\/p>\n\n<h2 id=\"m56\">Kontaktm\u00f6glichkeiten<\/h2><p>E-Mail-Adresse: <a href=\"mailto:contact@roverandsoul.com\">contact@roverandsoul.com<\/a><\/p>\n\n<h2 id=\"m3589\">Audiovisuelle Mediendienste<\/h2><p>Sitzland: Deutschland.<\/p>\n<p>Zust\u00e4ndige Regulierungs-, bzw. Aufsichtsbeh\u00f6rde: Bayerische Landeszentrale f\u00fcr neue Medien (BLM), <a href=\"https:\/\/www.blm.de\/\" target=\"_blank\">https:\/\/www.blm.de\/<\/a><\/p>\n\n<h2 id=\"m58\">Angaben zum Unternehmen<\/h2>\n<h2 id=\"m172\">Social Media und andere Onlinepr\u00e4senzen<\/h2><p>Dieses Impressum gilt auch f\u00fcr die folgenden Social-Media-Pr\u00e4senzen und Onlineprofile: <\/p>\n<p><a href=\"https:\/\/www.instagram.com\/roverandsoul\/?hl=en\" target=\"_blank\">https:\/\/www.instagram.com\/roverandsoul\/?hl=en<\/a><\/p>\n\n<h2 id=\"m5234\">Vorbehalt der Nutzung f\u00fcr Text und Data Mining<\/h2><p>Vorbehalt der Nutzung f\u00fcr Text und Data Mining: Der Inhaber dieser Website gestattet die Nutzung oder das Herunterladen von Inhalten dieser Website durch Dritte f\u00fcr die Entwicklung, das Training oder den Betrieb von k\u00fcnstlicher Intelligenz oder anderen maschinellen Lernsystemen (\"Text und Data Mining\") ausschlie\u00dflich mit ausdr\u00fccklicher schriftlicher Zustimmung des Inhabers. Ohne eine solche Zustimmung ist es untersagt, die Inhalte f\u00fcr Text und Data Mining zu verwenden. Dies gilt auch, wenn auf der Website keine Meta-Angaben vorhanden sind, die entsprechende Verfahren aussperren, und selbst dann, wenn Bots, die den Zweck haben, die Website zu Zwecken des Text und Data Mining auszulesen, nicht ausgesperrt werden.<\/p>\n\n<h2 id=\"m169\">Bildnachweise<\/h2><p>Bildquellen und Urheberrechtshinweise: <\/p>\n<p>Alle Bildrechte auf der Website roverandsoul.com sowie allen Unterseiten liegen bei Tim Hornung.<\/p>\n\n<p class=\"seal\"><a href=\"https:\/\/datenschutz-generator.de\/\" title=\"Rechtstext von Dr. Schwenke - f\u00fcr weitere Informationen bitte anklicken.\" target=\"_blank\" rel=\"noopener noreferrer nofollow\">Erstellt mit kostenlosem Datenschutz-Generator.de von Dr. Thomas Schwenke<\/a><\/p>\t\t\t\t<\/div>\n\t\t\t\t<\/div>\n\t\t\t\t\t<\/div>\n\t\t\t\t<\/div>\n\t\t\t\t<\/div>","protected":false},"excerpt":{"rendered":"<p>Impressum Diensteanbieter Tim Hornung W\u00fcrzburger Stra\u00dfe 85 97225 Zellingen Deutschland Kontaktm\u00f6glichkeiten E-Mail-Adresse: contact@roverandsoul.com Audiovisuelle Mediendienste Sitzland: Deutschland. Zust\u00e4ndige Regulierungs-, bzw. Aufsichtsbeh\u00f6rde: Bayerische Landeszentrale f\u00fcr neue Medien (BLM), https:\/\/www.blm.de\/ Angaben zum Unternehmen Social Media und andere Onlinepr\u00e4senzen Dieses Impressum gilt auch f\u00fcr die folgenden Social-Media-Pr\u00e4senzen und Onlineprofile: https:\/\/www.instagram.com\/roverandsoul\/?hl=en Vorbehalt der Nutzung f\u00fcr Text und Data Mining [&hellip;]<\/p>\n","protected":false},"author":1,"featured_media":0,"parent":0,"menu_order":0,"comment_status":"closed","ping_status":"closed","template":"","meta":{"footnotes":""},"class_list":["post-97","page","type-page","status-publish","hentry"],"_links":{"self":[{"href":"https:\/\/roverandsoul.com\/de\/wp-json\/wp\/v2\/pages\/97","targetHints":{"allow":["GET"]}}],"collection":[{"href":"https:\/\/roverandsoul.com\/de\/wp-json\/wp\/v2\/pages"}],"about":[{"href":"https:\/\/roverandsoul.com\/de\/wp-json\/wp\/v2\/types\/page"}],"author":[{"embeddable":true,"href":"https:\/\/roverandsoul.com\/de\/wp-json\/wp\/v2\/users\/1"}],"replies":[{"embeddable":true,"href":"https:\/\/roverandsoul.com\/de\/wp-json\/wp\/v2\/comments?post=97"}],"version-history":[{"count":10,"href":"https:\/\/roverandsoul.com\/de\/wp-json\/wp\/v2\/pages\/97\/revisions"}],"predecessor-version":[{"id":1698,"href":"https:\/\/roverandsoul.com\/de\/wp-json\/wp\/v2\/pages\/97\/revisions\/1698"}],"wp:attachment":[{"href":"https:\/\/roverandsoul.com\/de\/wp-json\/wp\/v2\/media?parent=97"}],"curies":[{"name":"wp","href":"https:\/\/api.w.org\/{rel}","templated":true}]}}